{"id":5,"date":"2023-11-08T12:36:02","date_gmt":"2023-11-08T12:36:02","guid":{"rendered":"https:\/\/www.expedia.mx\/travel-trends-unpack-24\/?page_id=5"},"modified":"2023-11-08T14:36:45","modified_gmt":"2023-11-08T14:36:45","slug":"travel-trends","status":"publish","type":"page","link":"https:\/\/www.expedia.mx\/travel-trends-unpack-24\/","title":{"rendered":"Travel Trends"},"content":{"rendered":"<div class=\"expedia-trends-block one-key-theme-bex-cream wp-block-expedia-trends-trends-landing-full-page-video\">\n\t\t\t<div class=\"expedia-trends-block-container\"><video autoplay muted loop playsinline defaultmuted class=\"one-key-responsive-large\">\n\t\t\t\t\t\t\t\t<source src=\"https:\/\/player.vimeo.com\/progressive_redirect\/playback\/880507575\/rendition\/1080p\/file.mp4?loc=external&#038;signature=fa53648ecc924ccdb3b015e0e73e205d669710ec6b1af8032ad6fdb0dcf072f2\" type=\"video\/mp4\">\n\t\t\t\t\t\t\t<\/video>\n\t\t\t\t\t\t\t<video autoplay muted loop playsinline defaultmuted class=\"one-key-responsive-small\">\n\t\t\t\t\t\t\t\t<source src=\"https:\/\/player.vimeo.com\/progressive_redirect\/playback\/880507618\/rendition\/360p\/file.mp4?loc=external&#038;signature=334f205e6c85ab9d009f5fd63294d0ecb72d5d358d84635675b1ddc44ab536ae\" type=\"video\/mp4\">\n\t\t\t\t\t\t\t<\/video><\/div><\/div>\n\n\n<div class=\"expedia-trends-1555c expedia-trends-block wp-block-expedia-trends-trends-landing-full-width-text\"><div class=\"expedia-trends-block-wrapper\"><h5 class=\"expedia-trends-1555c\">\u00bfA d\u00f3nde ir\u00e1s? \u00bfQu\u00e9 ver\u00e1s? \u00bfQu\u00e9 descubrir\u00e1s? Te damos un adelanto de c\u00f3mo viajaremos en 2024 y m\u00e1s adelante<\/h5><\/div><\/div>\n\n\n<div class=\"expedia-trends-block  wp-block-expedia-trends-trends-landing-2-up-card\">\n\t\t\t\t<div class=\"expedia-trends-block-container\">\n\t\t\t\t\t<div class=\"trends-2-up-card-container\"><div class=\"trends-2-up-card-article\">\n\t\t\t\t<a target=\"_blank\" href=\"https:\/\/www.expedia.mx\/travel-trends-unpack-24\/generacion-ia\/\">\n\t\t\t\t\t<img decoding=\"async\" src=\"https:\/\/www.expedia.com\/magazine\/wp-content\/uploads\/2023\/11\/AI-Gen-Hero.png\" alt=\"IA: el futuro \" class=\"expedia-trends-responsive-large\" \/>\n\t\t\t\t\t<img decoding=\"async\" src=\"https:\/\/www.expedia.com\/magazine\/wp-content\/uploads\/2023\/11\/Gen-AI-Hero-3.jpg\" alt=\"\" class=\"expedia-trends-responsive-small\" \/>\n\t\t\t\t<\/a>\n\t\t\t\t<div class=\"expedia-trends-9140c-rev trends-2-up-card-article-content\">\n\t\t\t\t\t<h2><a target=\"_blank\" href=\"https:\/\/www.expedia.mx\/travel-trends-unpack-24\/generacion-ia\/\" class=\"expedia-trends-9140c-rev\">IA: el futuro <\/a><\/h2>\n\t\t\t\t\t<div class=\"trends-2-up-card-article-readmore\">\n\t\t\t\t\t\t<a class=\"expedia-trends-9140c-rev\" target=\"_blank\" href=\"https:\/\/www.expedia.mx\/travel-trends-unpack-24\/generacion-ia\/\">Read more<\/a>\n\t\t\t\t\t<\/div>\n\t\t\t\t<\/div>\n\t\t\t<\/div><div class=\"trends-2-up-card-article\">\n\t\t\t\t<a target=\"_blank\" href=\"https:\/\/www.expedia.mx\/travel-trends-unpack-24\/set-jetting\/\">\n\t\t\t\t\t<img decoding=\"async\" src=\"https:\/\/www.expedia.com\/magazine\/wp-content\/uploads\/2023\/11\/SetJetLPHero.png\" alt=\"El Set-Jetting\" class=\"expedia-trends-responsive-large\" \/>\n\t\t\t\t\t<img decoding=\"async\" src=\"https:\/\/www.expedia.com\/magazine\/wp-content\/uploads\/2023\/11\/SetJetArticleHero.png\" alt=\"\" class=\"expedia-trends-responsive-small\" \/>\n\t\t\t\t<\/a>\n\t\t\t\t<div class=\"expedia-trends-564c trends-2-up-card-article-content\">\n\t\t\t\t\t<h2 ><a target=\"_blank\" href=\"https:\/\/www.expedia.mx\/travel-trends-unpack-24\/set-jetting\/\" class=\"expedia-trends-564c\">El Set-Jetting<\/a><\/h2>\n\t\t\t\t\t<div class=\"trends-2-up-card-article-readmore\">\n\t\t\t\t\t\t<a class=\"expedia-trends-564c\" target=\"_blank\" href=\"https:\/\/www.expedia.mx\/travel-trends-unpack-24\/set-jetting\/\">Read more<\/a>\n\t\t\t\t\t<\/div>\n\t\t\t\t<\/div>\n\t\t\t<\/div><\/div><\/div><\/div>\n\n\n<div class=\"wp-block-expedia-trends-trends-landing-pdf-download expedia-trends-block\"><div class=\"expedia-trends-block-container\"><div class=\"pdf-download-image\"><img decoding=\"async\" src=\"https:\/\/www.expedia.com\/magazine\/wp-content\/uploads\/2023\/11\/Read-Report-LP-Image.png\" test=\"https:\/\/www.expedia.com\/magazine\/wp-content\/uploads\/2023\/11\/Read-Report-LP-Image.png\"\/><\/div><div class=\"pdf-download-content\"><h2 class=\"expedia-trends-250c\">Read the full report now<\/h2><a target=\"_blank\" href=\"https:\/\/www.expedia.mx\/travel-trends-unpack-24\/wp-content\/uploads\/2023\/11\/Unpack-24_TrendReport_MEX_FINAL.pdf\" class=\"expedia-trends-250c\">Download<\/a><\/div><\/div><\/div>\n\n\n<div class=\"expedia-trends-block one-key-theme-bex-cream wp-block-expedia-trends-trends-landing-full-page-video\">\n\t\t\t<div class=\"expedia-trends-block-container\"><video autoplay muted loop playsinline defaultmuted class=\"one-key-responsive-large\">\n\t\t\t\t\t\t\t\t<source src=\"https:\/\/player.vimeo.com\/progressive_redirect\/playback\/879770356\/rendition\/540p\/file.mp4?loc=external&#038;signature=e13a549b3442a2b4539de49b78a9839e9e19bbb5dab2c4331a9e2b4e8a461b34\" type=\"video\/mp4\">\n\t\t\t\t\t\t\t<\/video>\n\t\t\t\t\t\t\t<video autoplay muted loop playsinline defaultmuted class=\"one-key-responsive-small\">\n\t\t\t\t\t\t\t\t<source src=\"https:\/\/player.vimeo.com\/progressive_redirect\/playback\/882246640\/rendition\/360p\/file.mp4?loc=external&#038;signature=4723f2dca107d70d6991ce2fa450910328c84f35a2e4d25cc362a696e865950d\" type=\"video\/mp4\">\n\t\t\t\t\t\t\t<\/video><\/div><\/div>\n\n<div class=\"expedia-trends-block  wp-block-expedia-trends-trends-landing-2-up-card\">\n\t\t\t\t<div class=\"expedia-trends-block-container\">\n\t\t\t\t\t<div class=\"trends-2-up-card-container\"><div class=\"trends-2-up-card-article\">\n\t\t\t\t<a target=\"_blank\" href=\"https:\/\/www.expedia.mx\/travel-trends-unpack-24\/destinos-alternativos\/\">\n\t\t\t\t\t<img decoding=\"async\" src=\"https:\/\/www.expedia.com\/magazine\/wp-content\/uploads\/2023\/11\/Dupes-LP-Hero.png\" alt=\"Destinos Alternativos por \u201924\" class=\"expedia-trends-responsive-large\" \/>\n\t\t\t\t\t<img decoding=\"async\" src=\"https:\/\/www.expedia.com\/magazine\/wp-content\/uploads\/2023\/11\/Dupes-LP-Hero.png\" alt=\"\" class=\"expedia-trends-responsive-small\" \/>\n\t\t\t\t<\/a>\n\t\t\t\t<div class=\"expedia-trends-564c-rev trends-2-up-card-article-content\">\n\t\t\t\t\t<h2><a target=\"_blank\" href=\"https:\/\/www.expedia.mx\/travel-trends-unpack-24\/destinos-alternativos\/\" class=\"expedia-trends-564c-rev\">Destinos Alternativos por \u201924<\/a><\/h2>\n\t\t\t\t\t<div class=\"trends-2-up-card-article-readmore\">\n\t\t\t\t\t\t<a class=\"expedia-trends-564c-rev\" target=\"_blank\" href=\"https:\/\/www.expedia.mx\/travel-trends-unpack-24\/destinos-alternativos\/\">Read more<\/a>\n\t\t\t\t\t<\/div>\n\t\t\t\t<\/div>\n\t\t\t<\/div><div class=\"trends-2-up-card-article\">\n\t\t\t\t<a target=\"_blank\" href=\"https:\/\/www.expedia.mx\/travel-trends-unpack-24\/tour-tourism\/\">\n\t\t\t\t\t<img decoding=\"async\" src=\"https:\/\/www.expedia.com\/magazine\/wp-content\/uploads\/2023\/11\/tourism-LP-Hero-2.jpg\" alt=\"Turismo de Conciertos:  \" class=\"expedia-trends-responsive-large\" \/>\n\t\t\t\t\t<img decoding=\"async\" src=\"https:\/\/www.expedia.com\/magazine\/wp-content\/uploads\/2023\/11\/tourism-LP-Hero-1.jpg\" alt=\"\" class=\"expedia-trends-responsive-small\" \/>\n\t\t\t\t<\/a>\n\t\t\t\t<div class=\"expedia-trends-9140c-b trends-2-up-card-article-content\">\n\t\t\t\t\t<h2 ><a target=\"_blank\" href=\"https:\/\/www.expedia.mx\/travel-trends-unpack-24\/tour-tourism\/\" class=\"expedia-trends-9140c-b\">Turismo de Conciertos:  <\/a><\/h2>\n\t\t\t\t\t<div class=\"trends-2-up-card-article-readmore\">\n\t\t\t\t\t\t<a class=\"expedia-trends-9140c-b\" target=\"_blank\" href=\"https:\/\/www.expedia.mx\/travel-trends-unpack-24\/tour-tourism\/\">Read more<\/a>\n\t\t\t\t\t<\/div>\n\t\t\t\t<\/div>\n\t\t\t<\/div><\/div><\/div><\/div>\n\n<div class=\"expedia-trends-block  wp-block-expedia-trends-trends-landing-2-up-card\">\n\t\t\t\t<div class=\"expedia-trends-block-container\">\n\t\t\t\t\t<div class=\"trends-2-up-card-container\"><div class=\"trends-2-up-card-article\">\n\t\t\t\t<a target=\"_blank\" href=\"https:\/\/www.expedia.mx\/travel-trends-unpack-24\/viajes-sin-alcohol\/\">\n\t\t\t\t\t<img decoding=\"async\" src=\"https:\/\/www.expedia.com\/magazine\/wp-content\/uploads\/2023\/11\/Wellness-Hero-1.png\" alt=\"Los viajes sin alcohol\" class=\"expedia-trends-responsive-large\" \/>\n\t\t\t\t\t<img decoding=\"async\" src=\"https:\/\/www.expedia.com\/magazine\/wp-content\/uploads\/2023\/11\/Wellness-Hero-LP.png\" alt=\"\" class=\"expedia-trends-responsive-small\" \/>\n\t\t\t\t<\/a>\n\t\t\t\t<div class=\"expedia-trends-116c-rev trends-2-up-card-article-content\">\n\t\t\t\t\t<h2><a target=\"_blank\" href=\"https:\/\/www.expedia.mx\/travel-trends-unpack-24\/viajes-sin-alcohol\/\" class=\"expedia-trends-116c-rev\">Los viajes sin alcohol<\/a><\/h2>\n\t\t\t\t\t<div class=\"trends-2-up-card-article-readmore\">\n\t\t\t\t\t\t<a class=\"expedia-trends-116c-rev\" target=\"_blank\" href=\"https:\/\/www.expedia.mx\/travel-trends-unpack-24\/viajes-sin-alcohol\/\">Read more<\/a>\n\t\t\t\t\t<\/div>\n\t\t\t\t<\/div>\n\t\t\t<\/div><div class=\"trends-2-up-card-article\">\n\t\t\t\t<a target=\"_blank\" href=\"https:\/\/www.expedia.mx\/travel-trends-unpack-24\/hoteles-con-vibra\/\">\n\t\t\t\t\t<img decoding=\"async\" src=\"https:\/\/www.expedia.com\/magazine\/wp-content\/uploads\/2023\/11\/Wellness-LP-2Hero-1.png\" alt=\"Hoteles con vibra\" class=\"expedia-trends-responsive-large\" \/>\n\t\t\t\t\t<img decoding=\"async\" src=\"https:\/\/www.expedia.com\/magazine\/wp-content\/uploads\/2023\/11\/Wellness-LP-2Hero.png\" alt=\"\" class=\"expedia-trends-responsive-small\" \/>\n\t\t\t\t<\/a>\n\t\t\t\t<div class=\"expedia-trends-434c-rev trends-2-up-card-article-content\">\n\t\t\t\t\t<h2 ><a target=\"_blank\" href=\"https:\/\/www.expedia.mx\/travel-trends-unpack-24\/hoteles-con-vibra\/\" class=\"expedia-trends-434c-rev\">Hoteles con vibra<\/a><\/h2>\n\t\t\t\t\t<div class=\"trends-2-up-card-article-readmore\">\n\t\t\t\t\t\t<a class=\"expedia-trends-434c-rev\" target=\"_blank\" href=\"https:\/\/www.expedia.mx\/travel-trends-unpack-24\/hoteles-con-vibra\/\">Read more<\/a>\n\t\t\t\t\t<\/div>\n\t\t\t\t<\/div>\n\t\t\t<\/div><\/div><\/div><\/div>\n\n<div class=\"expedia-trends-block  wp-block-expedia-trends-trends-landing-2-up-card\">\n\t\t\t\t<div class=\"expedia-trends-block-container\">\n\t\t\t\t\t<div class=\"trends-2-up-card-container\"><div class=\"trends-2-up-card-article\">\n\t\t\t\t<a target=\"_blank\" href=\"https:\/\/www.expedia.mx\/travel-trends-unpack-24\/go-cassion\/\">\n\t\t\t\t\t<img decoding=\"async\" src=\"https:\/\/www.expedia.com\/magazine\/wp-content\/uploads\/2023\/11\/istockphoto-1064279806-2048x2048-1-3.png\" alt=\"Al A\u00f1o de las Go-ccasions \" class=\"expedia-trends-responsive-large\" \/>\n\t\t\t\t\t<img decoding=\"async\" src=\"https:\/\/www.expedia.com\/magazine\/wp-content\/uploads\/2023\/11\/GoCcasion-ArticleHero-scaled.jpg\" alt=\"\" class=\"expedia-trends-responsive-small\" \/>\n\t\t\t\t<\/a>\n\t\t\t\t<div class=\"expedia-trends-1555c trends-2-up-card-article-content\">\n\t\t\t\t\t<h2><a target=\"_blank\" href=\"https:\/\/www.expedia.mx\/travel-trends-unpack-24\/go-cassion\/\" class=\"expedia-trends-1555c\">Al A\u00f1o de las Go-ccasions <\/a><\/h2>\n\t\t\t\t\t<div class=\"trends-2-up-card-article-readmore\">\n\t\t\t\t\t\t<a class=\"expedia-trends-1555c\" target=\"_blank\" href=\"https:\/\/www.expedia.mx\/travel-trends-unpack-24\/go-cassion\/\">Read more<\/a>\n\t\t\t\t\t<\/div>\n\t\t\t\t<\/div>\n\t\t\t<\/div><div class=\"trends-2-up-card-article\">\n\t\t\t\t<a target=\"_blank\" href=\"https:\/\/www.expedia.mx\/travel-trends-unpack-24\/al-aire-libre\/\">\n\t\t\t\t\t<img decoding=\"async\" src=\"https:\/\/www.expedia.com\/magazine\/wp-content\/uploads\/2023\/11\/Rectangle-2649998-1.jpg\" alt=\"Al Aire Libre\" class=\"expedia-trends-responsive-large\" \/>\n\t\t\t\t\t<img decoding=\"async\" src=\"https:\/\/expedia.magazine.staging.wave.dev\/magazine\/wp-content\/uploads\/2023\/10\/Rectangle-2649998.jpg\" alt=\"\" class=\"expedia-trends-responsive-small\" \/>\n\t\t\t\t<\/a>\n\t\t\t\t<div class=\"expedia-trends-7451c-rev trends-2-up-card-article-content\">\n\t\t\t\t\t<h2 ><a target=\"_blank\" href=\"https:\/\/www.expedia.mx\/travel-trends-unpack-24\/al-aire-libre\/\" class=\"expedia-trends-7451c-rev\">Al Aire Libre<\/a><\/h2>\n\t\t\t\t\t<div class=\"trends-2-up-card-article-readmore\">\n\t\t\t\t\t\t<a class=\"expedia-trends-7451c-rev\" target=\"_blank\" href=\"https:\/\/www.expedia.mx\/travel-trends-unpack-24\/al-aire-libre\/\">Read more<\/a>\n\t\t\t\t\t<\/div>\n\t\t\t\t<\/div>\n\t\t\t<\/div><\/div><\/div><\/div>\n\n\n<div style=\"height:60px\" aria-hidden=\"true\" class=\"wp-block-spacer\"><\/div>\n","protected":false},"excerpt":{"rendered":"","protected":false},"author":1,"featured_media":0,"parent":0,"menu_order":0,"comment_status":"closed","ping_status":"closed","template":"trends.php","meta":{"footnotes":""},"yoast_head":"<!-- This site is optimized with the Yoast SEO plugin v21.1 - https:\/\/yoast.com\/wordpress\/plugins\/seo\/ -->\n<title>Travel Trends - Expedia Trends<\/title>\n<meta name=\"robots\" content=\"index, follow, max-snippet:-1, max-image-preview:large, max-video-preview:-1\" \/>\n<link rel=\"canonical\" href=\"https:\/\/www.expedia.mx\/travel-trends-unpack-24\/\" \/>\n<meta property=\"og:locale\" content=\"en_US\" \/>\n<meta property=\"og:type\" content=\"article\" \/>\n<meta property=\"og:title\" content=\"Travel Trends - Expedia Trends\" \/>\n<meta property=\"og:url\" content=\"https:\/\/www.expedia.mx\/travel-trends-unpack-24\/\" \/>\n<meta property=\"og:site_name\" content=\"Expedia Trends\" \/>\n<meta property=\"article:modified_time\" content=\"2023-11-08T14:36:45+00:00\" \/>\n<meta property=\"og:image\" content=\"https:\/\/www.expedia.com\/magazine\/wp-content\/uploads\/2023\/11\/Read-Report-LP-Image.png\" \/>\n<meta name=\"twitter:card\" content=\"summary_large_image\" \/>\n<meta name=\"twitter:label1\" content=\"Est. reading time\" \/>\n\t<meta name=\"twitter:data1\" content=\"1 minute\" \/>\n<script type=\"application\/ld+json\" class=\"yoast-schema-graph\">{\"@context\":\"https:\/\/schema.org\",\"@graph\":[{\"@type\":\"WebPage\",\"@id\":\"https:\/\/www.expedia.mx\/travel-trends-unpack-24\/\",\"url\":\"https:\/\/www.expedia.mx\/travel-trends-unpack-24\/\",\"name\":\"Travel Trends - Expedia Trends\",\"isPartOf\":{\"@id\":\"https:\/\/www.expedia.mx\/travel-trends-unpack-24\/#website\"},\"datePublished\":\"2023-11-08T12:36:02+00:00\",\"dateModified\":\"2023-11-08T14:36:45+00:00\",\"breadcrumb\":{\"@id\":\"https:\/\/www.expedia.mx\/travel-trends-unpack-24\/#breadcrumb\"},\"inLanguage\":\"en-US\",\"potentialAction\":[{\"@type\":\"ReadAction\",\"target\":[\"https:\/\/www.expedia.mx\/travel-trends-unpack-24\/\"]}]},{\"@type\":\"BreadcrumbList\",\"@id\":\"https:\/\/www.expedia.mx\/travel-trends-unpack-24\/#breadcrumb\",\"itemListElement\":[{\"@type\":\"ListItem\",\"position\":1,\"name\":\"Home\",\"item\":\"https:\/\/www.expedia.mx\/travel-trends-unpack-24\/\"},{\"@type\":\"ListItem\",\"position\":2,\"name\":\"Travel Trends\"}]},{\"@type\":\"WebSite\",\"@id\":\"https:\/\/www.expedia.mx\/travel-trends-unpack-24\/#website\",\"url\":\"https:\/\/www.expedia.mx\/travel-trends-unpack-24\/\",\"name\":\"Expedia Trends\",\"description\":\"\",\"publisher\":{\"@id\":\"https:\/\/www.expedia.mx\/travel-trends-unpack-24\/#organization\"},\"potentialAction\":[{\"@type\":\"SearchAction\",\"target\":{\"@type\":\"EntryPoint\",\"urlTemplate\":\"https:\/\/www.expedia.mx\/travel-trends-unpack-24\/?s={search_term_string}\"},\"query-input\":\"required name=search_term_string\"}],\"inLanguage\":\"en-US\"},{\"@type\":\"Organization\",\"@id\":\"https:\/\/www.expedia.mx\/travel-trends-unpack-24\/#organization\",\"name\":\"Expedia Trends\",\"url\":\"https:\/\/www.expedia.mx\/travel-trends-unpack-24\/\",\"logo\":{\"@type\":\"ImageObject\",\"inLanguage\":\"en-US\",\"@id\":\"https:\/\/www.expedia.mx\/travel-trends-unpack-24\/#\/schema\/logo\/image\/\",\"url\":\"https:\/\/www.expedia.mx\/travel-trends-unpack-24\/wp-content\/uploads\/2023\/11\/logo-1.svg\",\"contentUrl\":\"https:\/\/www.expedia.mx\/travel-trends-unpack-24\/wp-content\/uploads\/2023\/11\/logo-1.svg\",\"caption\":\"Expedia Trends\"},\"image\":{\"@id\":\"https:\/\/www.expedia.mx\/travel-trends-unpack-24\/#\/schema\/logo\/image\/\"}}]}<\/script>\n<!-- \/ Yoast SEO plugin. -->","yoast_head_json":{"title":"Travel Trends - Expedia Trends","robots":{"index":"index","follow":"follow","max-snippet":"max-snippet:-1","max-image-preview":"max-image-preview:large","max-video-preview":"max-video-preview:-1"},"canonical":"https:\/\/www.expedia.mx\/travel-trends-unpack-24\/","og_locale":"en_US","og_type":"article","og_title":"Travel Trends - Expedia Trends","og_url":"https:\/\/www.expedia.mx\/travel-trends-unpack-24\/","og_site_name":"Expedia Trends","article_modified_time":"2023-11-08T14:36:45+00:00","og_image":[{"url":"https:\/\/www.expedia.com\/magazine\/wp-content\/uploads\/2023\/11\/Read-Report-LP-Image.png"}],"twitter_card":"summary_large_image","twitter_misc":{"Est. reading time":"1 minute"},"schema":{"@context":"https:\/\/schema.org","@graph":[{"@type":"WebPage","@id":"https:\/\/www.expedia.mx\/travel-trends-unpack-24\/","url":"https:\/\/www.expedia.mx\/travel-trends-unpack-24\/","name":"Travel Trends - Expedia Trends","isPartOf":{"@id":"https:\/\/www.expedia.mx\/travel-trends-unpack-24\/#website"},"datePublished":"2023-11-08T12:36:02+00:00","dateModified":"2023-11-08T14:36:45+00:00","breadcrumb":{"@id":"https:\/\/www.expedia.mx\/travel-trends-unpack-24\/#breadcrumb"},"inLanguage":"en-US","potentialAction":[{"@type":"ReadAction","target":["https:\/\/www.expedia.mx\/travel-trends-unpack-24\/"]}]},{"@type":"BreadcrumbList","@id":"https:\/\/www.expedia.mx\/travel-trends-unpack-24\/#breadcrumb","itemListElement":[{"@type":"ListItem","position":1,"name":"Home","item":"https:\/\/www.expedia.mx\/travel-trends-unpack-24\/"},{"@type":"ListItem","position":2,"name":"Travel Trends"}]},{"@type":"WebSite","@id":"https:\/\/www.expedia.mx\/travel-trends-unpack-24\/#website","url":"https:\/\/www.expedia.mx\/travel-trends-unpack-24\/","name":"Expedia Trends","description":"","publisher":{"@id":"https:\/\/www.expedia.mx\/travel-trends-unpack-24\/#organization"},"potentialAction":[{"@type":"SearchAction","target":{"@type":"EntryPoint","urlTemplate":"https:\/\/www.expedia.mx\/travel-trends-unpack-24\/?s={search_term_string}"},"query-input":"required name=search_term_string"}],"inLanguage":"en-US"},{"@type":"Organization","@id":"https:\/\/www.expedia.mx\/travel-trends-unpack-24\/#organization","name":"Expedia Trends","url":"https:\/\/www.expedia.mx\/travel-trends-unpack-24\/","logo":{"@type":"ImageObject","inLanguage":"en-US","@id":"https:\/\/www.expedia.mx\/travel-trends-unpack-24\/#\/schema\/logo\/image\/","url":"https:\/\/www.expedia.mx\/travel-trends-unpack-24\/wp-content\/uploads\/2023\/11\/logo-1.svg","contentUrl":"https:\/\/www.expedia.mx\/travel-trends-unpack-24\/wp-content\/uploads\/2023\/11\/logo-1.svg","caption":"Expedia Trends"},"image":{"@id":"https:\/\/www.expedia.mx\/travel-trends-unpack-24\/#\/schema\/logo\/image\/"}}]}},"_links":{"self":[{"href":"https:\/\/www.expedia.mx\/travel-trends-unpack-24\/wp-json\/wp\/v2\/pages\/5"}],"collection":[{"href":"https:\/\/www.expedia.mx\/travel-trends-unpack-24\/wp-json\/wp\/v2\/pages"}],"about":[{"href":"https:\/\/www.expedia.mx\/travel-trends-unpack-24\/wp-json\/wp\/v2\/types\/page"}],"author":[{"embeddable":true,"href":"https:\/\/www.expedia.mx\/travel-trends-unpack-24\/wp-json\/wp\/v2\/users\/1"}],"replies":[{"embeddable":true,"href":"https:\/\/www.expedia.mx\/travel-trends-unpack-24\/wp-json\/wp\/v2\/comments?post=5"}],"version-history":[{"count":3,"href":"https:\/\/www.expedia.mx\/travel-trends-unpack-24\/wp-json\/wp\/v2\/pages\/5\/revisions"}],"predecessor-version":[{"id":55,"href":"https:\/\/www.expedia.mx\/travel-trends-unpack-24\/wp-json\/wp\/v2\/pages\/5\/revisions\/55"}],"wp:attachment":[{"href":"https:\/\/www.expedia.mx\/travel-trends-unpack-24\/wp-json\/wp\/v2\/media?parent=5"}],"curies":[{"name":"wp","href":"https:\/\/api.w.org\/{rel}","templated":true}]}}